{"id":63,"date":"2025-07-19T12:40:06","date_gmt":"2025-07-19T12:40:06","guid":{"rendered":"https:\/\/skwerne.uber.space\/?page_id=63"},"modified":"2025-08-24T20:43:37","modified_gmt":"2025-08-24T18:43:37","slug":"trainingsabende","status":"publish","type":"page","link":"https:\/\/skwerne.de\/?page_id=63","title":{"rendered":"Trainingsabende 25\/26"},"content":{"rendered":"\n<p class=\"wp-block-paragraph\">In loser Folge wird etwa einmal pro Monat ein vereinsinternes Trainingsprogramm angeboten.<br>Bislang haben sich Ferdi, Michael und Carsten angeboten, etwas vorzubereiten und die Koordination des Abends zu \u00fcbernehmen.<br>Die Vorstellung einer Er\u00f6ffnungsvariante, strategische Ideen im Mittelspiel, Endspieltechniken, Taktikaufgaben oder Partieanalysen &#8211; alles ist m\u00f6glich.<br>Das Thema des Tages w\u00e4hlt der jeweilige Trainer, Anregungen und W\u00fcnsche k\u00f6nnt Ihr gerne an Carsten schicken.<\/p>\n\n\n\n<table id=\"tablepress-2025TR\" class=\"tablepress tablepress-id-2025TR\">\n<thead>\n<tr class=\"row-1\">\n\t<th class=\"column-1\">Datum<\/th><th class=\"column-2\">Trainer<\/th><th class=\"column-3\">Thema<\/th>\n<\/tr>\n<\/thead>\n<tbody class=\"row-striping row-hover\">\n<tr class=\"row-2\">\n\t<td class=\"column-1\">27.08.2025<\/td><td class=\"column-2\">Carsten<\/td><td class=\"column-3\">Bauernendspiele (Fortsetzung)<\/td>\n<\/tr>\n<tr class=\"row-3\">\n\t<td class=\"column-1\">24.09.2025<\/td><td class=\"column-2\"><\/td><td class=\"column-3\"><\/td>\n<\/tr>\n<tr class=\"row-4\">\n\t<td class=\"column-1\">15.10.2025<\/td><td class=\"column-2\"><\/td><td class=\"column-3\">(Herbstferien)<\/td>\n<\/tr>\n<tr class=\"row-5\">\n\t<td class=\"column-1\">22.10.2025<\/td><td class=\"column-2\"><\/td><td class=\"column-3\">(Herbstferien)<\/td>\n<\/tr>\n<tr class=\"row-6\">\n\t<td class=\"column-1\">12.11.2025<\/td><td class=\"column-2\"><\/td><td class=\"column-3\"><\/td>\n<\/tr>\n<tr class=\"row-7\">\n\t<td class=\"column-1\">21.01.2026<\/td><td class=\"column-2\"><\/td><td class=\"column-3\"><\/td>\n<\/tr>\n<tr class=\"row-8\">\n\t<td class=\"column-1\">18.02.2026<\/td><td class=\"column-2\"><\/td><td class=\"column-3\">(Aschermittwoch)<\/td>\n<\/tr>\n<tr class=\"row-9\">\n\t<td class=\"column-1\">18.03.2026<\/td><td class=\"column-2\"><\/td><td class=\"column-3\"><\/td>\n<\/tr>\n<tr class=\"row-10\">\n\t<td class=\"column-1\">01.04.2026<\/td><td class=\"column-2\"><\/td><td class=\"column-3\">(Osterferien)<\/td>\n<\/tr>\n<tr class=\"row-11\">\n\t<td class=\"column-1\">08.04.2026<\/td><td class=\"column-2\"><\/td><td class=\"column-3\">(Osterferien)<\/td>\n<\/tr>\n<tr class=\"row-12\">\n\t<td class=\"column-1\">29.04.2026<\/td><td class=\"column-2\"><\/td><td class=\"column-3\"><\/td>\n<\/tr>\n<tr class=\"row-13\">\n\t<td class=\"column-1\">13.05.2026<\/td><td class=\"column-2\"><\/td><td class=\"column-3\">(Tag vor Himmelfahrt)<\/td>\n<\/tr>\n<tr class=\"row-14\">\n\t<td class=\"column-1\">27.05.2026<\/td><td class=\"column-2\"><\/td><td class=\"column-3\"><\/td>\n<\/tr>\n<tr class=\"row-15\">\n\t<td class=\"column-1\">01.07.2026<\/td><td class=\"column-2\"><\/td><td class=\"column-3\"><\/td>\n<\/tr>\n<\/tbody>\n<\/table>\n<!-- #tablepress-2025TR from cache -->","protected":false},"excerpt":{"rendered":"<p>In loser Folge wird etwa einmal pro Monat ein vereinsinternes Trainingsprogramm angeboten.Bislang haben sich Ferdi, Michael und Carsten angeboten, etwas vorzubereiten und die Koordination des Abends zu \u00fcbernehmen.Die Vorstellung einer Er\u00f6ffnungsvariante, strategische Ideen im Mittelspiel, Endspieltechniken, Taktikaufgaben oder Partieanalysen &#8211; alles ist m\u00f6glich.Das Thema des Tages w\u00e4hlt der jeweilige Trainer, Anregungen und W\u00fcnsche k\u00f6nnt Ihr [&hellip;]<\/p>\n","protected":false},"author":1,"featured_media":0,"parent":0,"menu_order":0,"comment_status":"closed","ping_status":"closed","template":"","meta":{"_crdt_document":"","footnotes":""},"class_list":["post-63","page","type-page","status-publish","hentry"],"_links":{"self":[{"href":"https:\/\/skwerne.de\/index.php?rest_route=\/wp\/v2\/pages\/63","targetHints":{"allow":["GET"]}}],"collection":[{"href":"https:\/\/skwerne.de\/index.php?rest_route=\/wp\/v2\/pages"}],"about":[{"href":"https:\/\/skwerne.de\/index.php?rest_route=\/wp\/v2\/types\/page"}],"author":[{"embeddable":true,"href":"https:\/\/skwerne.de\/index.php?rest_route=\/wp\/v2\/users\/1"}],"replies":[{"embeddable":true,"href":"https:\/\/skwerne.de\/index.php?rest_route=%2Fwp%2Fv2%2Fcomments&post=63"}],"version-history":[{"count":3,"href":"https:\/\/skwerne.de\/index.php?rest_route=\/wp\/v2\/pages\/63\/revisions"}],"predecessor-version":[{"id":760,"href":"https:\/\/skwerne.de\/index.php?rest_route=\/wp\/v2\/pages\/63\/revisions\/760"}],"wp:attachment":[{"href":"https:\/\/skwerne.de\/index.php?rest_route=%2Fwp%2Fv2%2Fmedia&parent=63"}],"curies":[{"name":"wp","href":"https:\/\/api.w.org\/{rel}","templated":true}]}}