{"id":162,"date":"2025-07-23T12:23:25","date_gmt":"2025-07-23T10:23:25","guid":{"rendered":"https:\/\/skwerne.uber.space\/?page_id=162"},"modified":"2025-07-23T12:23:25","modified_gmt":"2025-07-23T10:23:25","slug":"datenschutz","status":"publish","type":"page","link":"https:\/\/skwerne.de\/?page_id=162","title":{"rendered":"Datenschutz"},"content":{"rendered":"\n<p class=\"wp-block-paragraph\">Die Nutzung unserer Webseite ist in der Regel ohne Angabe personenbezogener Daten m\u00f6glich. Soweit auf unseren Seiten personenbezogene Daten (beispielsweise Name, Anschrift oder eMail-Adressen) erhoben werden, erfolgt dies, soweit m\u00f6glich, stets auf freiwilliger Basis. Diese Daten werden ohne Ihre ausdr\u00fcckliche Zustimmung nicht an Dritte weitergegeben.<\/p>\n\n\n\n<p class=\"wp-block-paragraph\">Wir weisen darauf hin, dass die Daten\u00fcbertragung im Internet (z.B. bei der Kommunikation per E-Mail) Sicherheitsl\u00fccken aufweisen kann. Ein l\u00fcckenloser Schutz der Daten vor dem Zugriff durch Dritte ist nicht m\u00f6glich.<\/p>\n\n\n\n<p class=\"wp-block-paragraph\">Der Nutzung von im Rahmen der Impressumspflicht ver\u00f6ffentlichten Kontaktdaten durch Dritte zur \u00dcbersendung von nicht ausdr\u00fccklich angeforderter Werbung und Informationsmaterialien wird hiermit ausdr\u00fccklich widersprochen. Die Betreiber der Seiten behalten sich ausdr\u00fccklich rechtliche Schritte im Falle der unverlangten Zusendung von Werbeinformationen, etwa durch Spam-Mails, vor.<\/p>\n\n\n\n<p class=\"wp-block-paragraph\"><strong>Ihre Rechte auf Auskunft, Berichtigung, Sperre, L\u00f6schung und Widerspruch<\/strong><\/p>\n\n\n\n<p class=\"wp-block-paragraph\">Sie haben das Recht, auf Antrag unentgeltlich eine Auskunft, \u00fcber die bei uns gespeicherten personenbezogenen Daten, anzufordern und\/oder eine Berichtigung, Sperrung oder L\u00f6schung zu verlangen. Ausnahmen: Es handelt sich um die vorgeschriebene Datenspeicherung zur Gesch\u00e4ftsabwicklung oder die Daten unterliegen der gesetzlichen Aufbewahrungspflicht.<\/p>\n\n\n\n<p class=\"wp-block-paragraph\">F\u00fcr diese Zwecke kontaktieren Sie bitte unseren Datenschutzbeauftragen (Kontaktdaten: <a href=\"mailto:schlierkamp@hotmail.de\">schlierkamp@hotmail.de<\/a>).<\/p>\n\n\n\n<p class=\"wp-block-paragraph\">Um eine Datensperre jederzeit ber\u00fccksichtigen zu k\u00f6nnen, ist es erforderlich, die Daten f\u00fcr Kontrollzwecke in einer Sperrdatei vorzuhalten. Besteht keine gesetzliche Archivierungspflicht, k\u00f6nnen Sie auch die L\u00f6schung der Daten verlangen. Anderenfalls sperren wir die Daten, sofern Sie dies w\u00fcnschen.<\/p>\n\n\n\n<p class=\"wp-block-paragraph\"><strong>Welche Logfiles gibt es und welche Daten werden erfasst?<\/strong><\/p>\n\n\n\n<p class=\"wp-block-paragraph\">Beim Besuch dieser Website werden durch den Hosting-Anbieter automatisch Informationen in sogenannten Server-Logfiles erfasst. Diese Daten dienen der technischen \u00dcberwachung und Absicherung des Betriebs. Erfasst werden insbesondere:<\/p>\n\n\n\n<ul class=\"wp-block-list\">\n<li>anonymisierte IP-Adresse (IPv4: nur die ersten 16\u202fBit, z.\u202fB. <code>192.0.0.0<\/code>; IPv6: nur die ersten 32\u202fBit),<\/li>\n\n\n\n<li>Datum und Uhrzeit des Zugriffs,<\/li>\n\n\n\n<li>abgerufene Seiten bzw. Dateien,<\/li>\n\n\n\n<li>Browsertyp und -version,<\/li>\n\n\n\n<li>verwendetes Betriebssystem,<\/li>\n\n\n\n<li>Referrer-URL.<\/li>\n<\/ul>\n\n\n\n<p class=\"wp-block-paragraph\">Die IP-Adressen werden von unserem Hosting-Anbieter <a class=\"\" href=\"https:\/\/uberspace.de\">Uberspace.de<\/a> bereits auf dem Webserver anonymisiert gespeichert, sodass ein R\u00fcckschluss auf einzelne Personen nicht m\u00f6glich ist. Eine personenbezogene Auswertung findet nicht statt.<\/p>\n\n\n\n<p class=\"wp-block-paragraph\">Die Speicherung der Logdaten erfolgt auf Grundlage von Art.\u202f6 Abs.\u202f1 lit.\u202ff DSGVO (berechtigtes Interesse an einem sicheren und stabilen Betrieb der Website). Die Logfiles werden <strong>t\u00e4glich rotiert<\/strong> und nach <strong>sp\u00e4testens sieben Tagen gel\u00f6scht<\/strong>.<\/p>\n","protected":false},"excerpt":{"rendered":"<p>Die Nutzung unserer Webseite ist in der Regel ohne Angabe personenbezogener Daten m\u00f6glich. Soweit auf unseren Seiten personenbezogene Daten (beispielsweise Name, Anschrift oder eMail-Adressen) erhoben werden, erfolgt dies, soweit m\u00f6glich, stets auf freiwilliger Basis. Diese Daten werden ohne Ihre ausdr\u00fcckliche Zustimmung nicht an Dritte weitergegeben. Wir weisen darauf hin, dass die Daten\u00fcbertragung im Internet (z.B. [&hellip;]<\/p>\n","protected":false},"author":1,"featured_media":0,"parent":0,"menu_order":0,"comment_status":"closed","ping_status":"closed","template":"","meta":{"_crdt_document":"","footnotes":""},"class_list":["post-162","page","type-page","status-publish","hentry"],"_links":{"self":[{"href":"https:\/\/skwerne.de\/index.php?rest_route=\/wp\/v2\/pages\/162","targetHints":{"allow":["GET"]}}],"collection":[{"href":"https:\/\/skwerne.de\/index.php?rest_route=\/wp\/v2\/pages"}],"about":[{"href":"https:\/\/skwerne.de\/index.php?rest_route=\/wp\/v2\/types\/page"}],"author":[{"embeddable":true,"href":"https:\/\/skwerne.de\/index.php?rest_route=\/wp\/v2\/users\/1"}],"replies":[{"embeddable":true,"href":"https:\/\/skwerne.de\/index.php?rest_route=%2Fwp%2Fv2%2Fcomments&post=162"}],"version-history":[{"count":1,"href":"https:\/\/skwerne.de\/index.php?rest_route=\/wp\/v2\/pages\/162\/revisions"}],"predecessor-version":[{"id":163,"href":"https:\/\/skwerne.de\/index.php?rest_route=\/wp\/v2\/pages\/162\/revisions\/163"}],"wp:attachment":[{"href":"https:\/\/skwerne.de\/index.php?rest_route=%2Fwp%2Fv2%2Fmedia&parent=162"}],"curies":[{"name":"wp","href":"https:\/\/api.w.org\/{rel}","templated":true}]}}