{"id":104,"date":"2025-07-19T12:52:09","date_gmt":"2025-07-19T12:52:09","guid":{"rendered":"https:\/\/skwerne.uber.space\/?page_id=104"},"modified":"2025-08-19T11:50:06","modified_gmt":"2025-08-19T09:50:06","slug":"50-jahre-sk-werne-72","status":"publish","type":"page","link":"https:\/\/skwerne.de\/?page_id=104","title":{"rendered":"50 Jahre SK Werne 72"},"content":{"rendered":"\n<p class=\"wp-block-paragraph\">Europameister Matthias Bl\u00fcbaum spielte gro\u00dfmeisterliches Schach bei der Jubil\u00e4umsveranstaltung<\/p>\n\n\n\n<figure class=\"wp-block-image aligncenter size-full\"><img loading=\"lazy\" decoding=\"async\" width=\"200\" height=\"282\" src=\"http:\/\/skwerne.uber.space\/wp-content\/uploads\/2025\/08\/2022-09-16_19-29-10_781.jpeg\" alt=\"\" class=\"wp-image-394\"\/><\/figure>\n\n\n\n<p class=\"wp-block-paragraph\">Der Schachklub Werne 72 feierte am 17.09.22 im Kolpingsaal Werne sein 50-j\u00e4hriges Vereinsjubil\u00e4um. Dazu gratulierten der B\u00fcrgermeister der Stadt Werne, Lothar Christ, sowie der Bezirksvorsitzende Sebastian Zimmer, der eine Jubil\u00e4umsurkunde des Schachbundes NRW \u00fcberreichte.<br>Ingesamt nahmen 37 Schachinteressierte an der Simultanveranstaltung gegen den Europameister Matthias Bl\u00fcbaum teil. Nach \u00fcber 4 Stunden Spielzeit beendete der Gro\u00dfmeister das Turnier mit einem beeindruckenden Ergebnis von 36,5 : 0,5 Punkten. Den einzigen halben Punkt erk\u00e4mpfte sich Maik M\u00f6nkemeyer vom SV B\u00f6nen 49. Wir bedanken uns recht herzlich f\u00fcr den imposanten Auftritt von Matthias Bl\u00fcbaum. Von allen Teilnehmern wurde anerkannt, dass man gegen einen Weltklassespieler antreten durfte!<\/p>\n\n\n\n<figure class=\"wp-block-gallery has-nested-images columns-default is-cropped wp-block-gallery-1 is-layout-flex wp-block-gallery-is-layout-flex\"><\/figure>\n\n\n\n<figure class=\"wp-block-gallery has-nested-images columns-default is-cropped wp-block-gallery-2 is-layout-flex wp-block-gallery-is-layout-flex\">\n<figure class=\"wp-block-image size-large\"><img loading=\"lazy\" decoding=\"async\" width=\"1024\" height=\"768\" data-id=\"381\" src=\"https:\/\/skwerne.uber.space\/wp-content\/uploads\/2025\/08\/2022-09-17_15-11-59_294-1024x768.jpeg\" alt=\"\" class=\"wp-image-381\" srcset=\"https:\/\/skwerne.de\/wp-content\/uploads\/2025\/08\/2022-09-17_15-11-59_294-1024x768.jpeg 1024w, https:\/\/skwerne.de\/wp-content\/uploads\/2025\/08\/2022-09-17_15-11-59_294-300x225.jpeg 300w, https:\/\/skwerne.de\/wp-content\/uploads\/2025\/08\/2022-09-17_15-11-59_294-768x576.jpeg 768w, https:\/\/skwerne.de\/wp-content\/uploads\/2025\/08\/2022-09-17_15-11-59_294-1536x1152.jpeg 1536w, https:\/\/skwerne.de\/wp-content\/uploads\/2025\/08\/2022-09-17_15-11-59_294-2048x1536.jpeg 2048w\" sizes=\"auto, (max-width: 1024px) 100vw, 1024px\" \/><\/figure>\n\n\n\n<figure class=\"wp-block-image size-large\"><img loading=\"lazy\" decoding=\"async\" width=\"768\" height=\"1024\" data-id=\"375\" src=\"https:\/\/skwerne.uber.space\/wp-content\/uploads\/2025\/08\/2022-09-19_10-34-24_347-768x1024.jpeg\" alt=\"\" class=\"wp-image-375\" srcset=\"https:\/\/skwerne.de\/wp-content\/uploads\/2025\/08\/2022-09-19_10-34-24_347-768x1024.jpeg 768w, https:\/\/skwerne.de\/wp-content\/uploads\/2025\/08\/2022-09-19_10-34-24_347-225x300.jpeg 225w, https:\/\/skwerne.de\/wp-content\/uploads\/2025\/08\/2022-09-19_10-34-24_347-1152x1536.jpeg 1152w, https:\/\/skwerne.de\/wp-content\/uploads\/2025\/08\/2022-09-19_10-34-24_347-1536x2048.jpeg 1536w, https:\/\/skwerne.de\/wp-content\/uploads\/2025\/08\/2022-09-19_10-34-24_347-scaled.jpeg 1920w\" sizes=\"auto, (max-width: 768px) 100vw, 768px\" \/><\/figure>\n\n\n\n<figure class=\"wp-block-image size-large\"><img decoding=\"async\" data-id=\"374\" src=\"https:\/\/skwerne.uber.space\/wp-content\/uploads\/2025\/08\/2022-09-17_16-13-05_688.jpeg\" alt=\"\" class=\"wp-image-374\"\/><\/figure>\n\n\n\n<figure class=\"wp-block-image size-large\"><img loading=\"lazy\" decoding=\"async\" width=\"1024\" height=\"768\" data-id=\"380\" src=\"https:\/\/skwerne.uber.space\/wp-content\/uploads\/2025\/08\/2022-09-17_15-24-49_045-1024x768.jpeg\" alt=\"\" class=\"wp-image-380\" srcset=\"https:\/\/skwerne.de\/wp-content\/uploads\/2025\/08\/2022-09-17_15-24-49_045-1024x768.jpeg 1024w, https:\/\/skwerne.de\/wp-content\/uploads\/2025\/08\/2022-09-17_15-24-49_045-300x225.jpeg 300w, https:\/\/skwerne.de\/wp-content\/uploads\/2025\/08\/2022-09-17_15-24-49_045-768x576.jpeg 768w, https:\/\/skwerne.de\/wp-content\/uploads\/2025\/08\/2022-09-17_15-24-49_045-1536x1152.jpeg 1536w, https:\/\/skwerne.de\/wp-content\/uploads\/2025\/08\/2022-09-17_15-24-49_045-2048x1536.jpeg 2048w\" sizes=\"auto, (max-width: 1024px) 100vw, 1024px\" \/><\/figure>\n\n\n\n<figure class=\"wp-block-image size-large\"><img loading=\"lazy\" decoding=\"async\" width=\"1024\" height=\"768\" data-id=\"379\" src=\"https:\/\/skwerne.uber.space\/wp-content\/uploads\/2025\/08\/2022-09-17_15-23-32_394-1024x768.jpeg\" alt=\"\" class=\"wp-image-379\" srcset=\"https:\/\/skwerne.de\/wp-content\/uploads\/2025\/08\/2022-09-17_15-23-32_394-1024x768.jpeg 1024w, https:\/\/skwerne.de\/wp-content\/uploads\/2025\/08\/2022-09-17_15-23-32_394-300x225.jpeg 300w, https:\/\/skwerne.de\/wp-content\/uploads\/2025\/08\/2022-09-17_15-23-32_394-768x576.jpeg 768w, https:\/\/skwerne.de\/wp-content\/uploads\/2025\/08\/2022-09-17_15-23-32_394-1536x1152.jpeg 1536w, https:\/\/skwerne.de\/wp-content\/uploads\/2025\/08\/2022-09-17_15-23-32_394-2048x1536.jpeg 2048w\" sizes=\"auto, (max-width: 1024px) 100vw, 1024px\" \/><\/figure>\n\n\n\n<figure class=\"wp-block-image size-large\"><img loading=\"lazy\" decoding=\"async\" width=\"1024\" height=\"768\" data-id=\"382\" src=\"https:\/\/skwerne.uber.space\/wp-content\/uploads\/2025\/08\/2022-09-17_18-23-38_692-1024x768.jpeg\" alt=\"\" class=\"wp-image-382\" srcset=\"https:\/\/skwerne.de\/wp-content\/uploads\/2025\/08\/2022-09-17_18-23-38_692-1024x768.jpeg 1024w, https:\/\/skwerne.de\/wp-content\/uploads\/2025\/08\/2022-09-17_18-23-38_692-300x225.jpeg 300w, https:\/\/skwerne.de\/wp-content\/uploads\/2025\/08\/2022-09-17_18-23-38_692-768x576.jpeg 768w, https:\/\/skwerne.de\/wp-content\/uploads\/2025\/08\/2022-09-17_18-23-38_692-1536x1152.jpeg 1536w, https:\/\/skwerne.de\/wp-content\/uploads\/2025\/08\/2022-09-17_18-23-38_692-2048x1536.jpeg 2048w\" sizes=\"auto, (max-width: 1024px) 100vw, 1024px\" \/><\/figure>\n\n\n\n<figure class=\"wp-block-image size-large\"><img loading=\"lazy\" decoding=\"async\" width=\"2560\" height=\"1920\" data-id=\"376\" src=\"https:\/\/skwerne.uber.space\/wp-content\/uploads\/2025\/08\/2022-09-17_15-26-38_447-scaled.jpeg\" alt=\"\" class=\"wp-image-376\" srcset=\"https:\/\/skwerne.de\/wp-content\/uploads\/2025\/08\/2022-09-17_15-26-38_447-scaled.jpeg 2560w, https:\/\/skwerne.de\/wp-content\/uploads\/2025\/08\/2022-09-17_15-26-38_447-300x225.jpeg 300w\" sizes=\"auto, (max-width: 2560px) 100vw, 2560px\" \/><\/figure>\n\n\n\n<figure class=\"wp-block-image size-large\"><img decoding=\"async\" data-id=\"377\" src=\"https:\/\/skwerne.uber.space\/wp-content\/uploads\/2025\/08\/2022-09-17_15-21-57_711.jpeg\" alt=\"\" class=\"wp-image-377\"\/><\/figure>\n\n\n\n<figure class=\"wp-block-image size-large\"><img loading=\"lazy\" decoding=\"async\" width=\"2560\" height=\"1920\" data-id=\"378\" src=\"https:\/\/skwerne.uber.space\/wp-content\/uploads\/2025\/08\/2022-09-17_15-20-40_823-scaled.jpeg\" alt=\"\" class=\"wp-image-378\" srcset=\"https:\/\/skwerne.de\/wp-content\/uploads\/2025\/08\/2022-09-17_15-20-40_823-scaled.jpeg 2560w, https:\/\/skwerne.de\/wp-content\/uploads\/2025\/08\/2022-09-17_15-20-40_823-300x225.jpeg 300w\" sizes=\"auto, (max-width: 2560px) 100vw, 2560px\" \/><\/figure>\n<\/figure>\n\n\n\n<div data-wp-interactive=\"core\/file\" class=\"wp-block-file\"><object data-wp-bind--hidden=\"!state.hasPdfPreview\" hidden class=\"wp-block-file__embed\" data=\"https:\/\/skwerne.uber.space\/wp-content\/uploads\/2025\/08\/50JahreSchachklubWerne.pdf\" type=\"application\/pdf\" style=\"width:100%;height:600px\" aria-label=\"Einbettung von 50JahreSchachklubWerne.\"><\/object><a id=\"wp-block-file--media-88904977-5d45-4c1d-8071-ef350ced5499\" href=\"https:\/\/skwerne.uber.space\/wp-content\/uploads\/2025\/08\/50JahreSchachklubWerne.pdf\">50JahreSchachklubWerne<\/a><a href=\"https:\/\/skwerne.uber.space\/wp-content\/uploads\/2025\/08\/50JahreSchachklubWerne.pdf\" class=\"wp-block-file__button wp-element-button\" download aria-describedby=\"wp-block-file--media-88904977-5d45-4c1d-8071-ef350ced5499\">Herunterladen<\/a><\/div>\n\n\n\n<p class=\"wp-block-paragraph\"><\/p>\n","protected":false},"excerpt":{"rendered":"<p>Europameister Matthias Bl\u00fcbaum spielte gro\u00dfmeisterliches Schach bei der Jubil\u00e4umsveranstaltung Der Schachklub Werne 72 feierte am 17.09.22 im Kolpingsaal Werne sein 50-j\u00e4hriges Vereinsjubil\u00e4um. Dazu gratulierten der B\u00fcrgermeister der Stadt Werne, Lothar Christ, sowie der Bezirksvorsitzende Sebastian Zimmer, der eine Jubil\u00e4umsurkunde des Schachbundes NRW \u00fcberreichte.Ingesamt nahmen 37 Schachinteressierte an der Simultanveranstaltung gegen den Europameister Matthias Bl\u00fcbaum teil. [&hellip;]<\/p>\n","protected":false},"author":1,"featured_media":0,"parent":0,"menu_order":0,"comment_status":"closed","ping_status":"closed","template":"","meta":{"_crdt_document":"","footnotes":""},"class_list":["post-104","page","type-page","status-publish","hentry"],"_links":{"self":[{"href":"https:\/\/skwerne.de\/index.php?rest_route=\/wp\/v2\/pages\/104","targetHints":{"allow":["GET"]}}],"collection":[{"href":"https:\/\/skwerne.de\/index.php?rest_route=\/wp\/v2\/pages"}],"about":[{"href":"https:\/\/skwerne.de\/index.php?rest_route=\/wp\/v2\/types\/page"}],"author":[{"embeddable":true,"href":"https:\/\/skwerne.de\/index.php?rest_route=\/wp\/v2\/users\/1"}],"replies":[{"embeddable":true,"href":"https:\/\/skwerne.de\/index.php?rest_route=%2Fwp%2Fv2%2Fcomments&post=104"}],"version-history":[{"count":5,"href":"https:\/\/skwerne.de\/index.php?rest_route=\/wp\/v2\/pages\/104\/revisions"}],"predecessor-version":[{"id":396,"href":"https:\/\/skwerne.de\/index.php?rest_route=\/wp\/v2\/pages\/104\/revisions\/396"}],"wp:attachment":[{"href":"https:\/\/skwerne.de\/index.php?rest_route=%2Fwp%2Fv2%2Fmedia&parent=104"}],"curies":[{"name":"wp","href":"https:\/\/api.w.org\/{rel}","templated":true}]}}